{"id":180,"date":"2021-11-10T16:48:30","date_gmt":"2021-11-10T15:48:30","guid":{"rendered":"http:\/\/localhost\/mediapilote\/periplast\/?page_id=180"},"modified":"2022-07-05T09:49:03","modified_gmt":"2022-07-05T07:49:03","slug":"politique-de-confidentialite","status":"publish","type":"page","link":"https:\/\/periplast.fr\/en\/politique-de-confidentialite\/","title":{"rendered":"Privacy Policy"},"content":{"rendered":"<p>Politique de confidentialit\u00e9 du site Periplast<\/p>\n<h2><strong><u>I \/ L\u2019objectif de la politique de confidentialit\u00e9<\/u><\/strong><\/h2>\n<p>Cette politique de confidentialit\u00e9 est \u00e9tablie dans le but d\u2019informer les utilisateurs du site periplast.fr, poss\u00e9d\u00e9 et g\u00e9r\u00e9 par monsieur Olivier Tisseau, Periplast, des modalit\u00e9s suivantes :<\/p>\n<ul>\n<li>Les donn\u00e9es personnelles recueillies par le site internet<\/li>\n<li>L\u2019utilisation faite de ces donn\u00e9es<\/li>\n<li>L\u2019acc\u00e8s \u00e0 ces donn\u00e9es<\/li>\n<li>Les droits que poss\u00e8dent les utilisateurs du site<\/li>\n<li>La politique li\u00e9e \u00e0 l\u2019utilisation de cookies<\/li>\n<\/ul>\n<p>Cette politique de confidentialit\u00e9 fonctionne parall\u00e8lement aux conditions g\u00e9n\u00e9rales du site\u00a0periplast.fr<\/p>\n<h2><strong><u>II \/ Lois applicables<\/u><\/strong><\/h2>\n<p>Conform\u00e9ment au R\u00e8glement G\u00e9n\u00e9ral sur la Protection des Donn\u00e9es, cette politique de confidentialit\u00e9 est sujette aux r\u00e8glements suivants :<\/p>\n<p>Les donn\u00e9es personnelles sont :<\/p>\n<ul>\n<li>Trait\u00e9es de mani\u00e8re licite et transparente ;<\/li>\n<li>Collect\u00e9es \u00e0 des fins d\u00e9termin\u00e9es, explicites et l\u00e9gitimes, et ne seront pas trait\u00e9es ult\u00e9rieurement d\u2019une mani\u00e8re incompatible avec ces fins. Conform\u00e9ment \u00e0 l\u2019article 89, paragraphe 1 du RGPD, le stockage et le traitement de ces donn\u00e9es \u00e0 des fins archivistiques dans l\u2019int\u00e9r\u00eat public, \u00e0 des fins de recherche scientifique ou historique ou \u00e0 des fins statistiques, n\u2019est pas consid\u00e9r\u00e9 comme incompatible avec les finalit\u00e9s initiales ;<\/li>\n<li>Ad\u00e9quates, pertinentes et limit\u00e9es \u00e0 ce qui est n\u00e9cessaire dans le cadre des finalit\u00e9s pour lesquelles elles sont trait\u00e9es ;<\/li>\n<li>Exactes, et si n\u00e9cessaires tenues \u00e0 jour. Toutes les mesures raisonnables seront prises pour corriger des donn\u00e9es incorrectes au regard de la finalit\u00e9 pour laquelle celles-ci sont collect\u00e9es ;<\/li>\n<li>Conserv\u00e9es sous une forme permettant l\u2019identification des personnes concern\u00e9es pour une dur\u00e9e suffisante pour leur traitement ;<\/li>\n<li>Trait\u00e9es d\u2019une fa\u00e7on qui garantit la s\u00e9curit\u00e9 de celles-ci, y compris en ce qui concerne le traitement non-autoris\u00e9 ou illicite, la perte ou la destruction de ces donn\u00e9es, accidentelle ou volontaire.<\/li>\n<\/ul>\n<p>Le traitement des donn\u00e9es collect\u00e9es n\u2019est licite que si au moins l\u2019une des conditions suivantes est remplie :<\/p>\n<ul>\n<li>La personne concern\u00e9e par les donn\u00e9es \u00e0 consenti au traitement de celles-ci pour une ou plusieurs finalit\u00e9s sp\u00e9cifiques.<\/li>\n<li>Le traitement des donn\u00e9es est n\u00e9cessaire \u00e0 l\u2019ex\u00e9cution d\u2019un contrat dont la personne concern\u00e9e est partie ou \u00e0 l\u2019ex\u00e9cution des mesures pr\u00e9contractuelles prises \u00e0 la demande de celui-ci<\/li>\n<li>Le traitement est n\u00e9cessaire \u00e0 la r\u00e9alisation d\u2019une obligation l\u00e9gale \u00e0 laquelle le responsable, Periplast, est soumis.<\/li>\n<li>Le traitement est n\u00e9cessaire \u00e0 la sauvegarde des int\u00e9r\u00eats vitaux de toute personne physique.<\/li>\n<li>Le traitement est n\u00e9cessaire \u00e0 la r\u00e9alisation d\u2019une mission d\u2019int\u00e9r\u00eat public dont est investi Periplast.<\/li>\n<li>Le traitement est n\u00e9cessaire aux fins des int\u00e9r\u00eats l\u00e9gitimes poursuivis par le responsable du traitement ou par un tiers, \u00e0 moins que ne pr\u00e9valent les int\u00e9r\u00eats, libert\u00e9s ou droits fondamentaux de la personne concern\u00e9e.<\/li>\n<\/ul>\n<h2><strong><u>III \/ Consentement<\/u><\/strong><\/h2>\n<p>En utilisant le site Periplast, les utilisateurs consentent \u00e0 :<\/p>\n<ul>\n<li>Toutes les conditions incluses dans la pr\u00e9sente politique de confidentialit\u00e9 ;<\/li>\n<li>La collecte, l\u2019utilisation et la conservation des donn\u00e9es list\u00e9es dans la pr\u00e9sente politique de confidentialit\u00e9.<\/li>\n<\/ul>\n<h2><strong><u>IV \/ Donn\u00e9es personnelles collect\u00e9es<\/u><\/strong><\/h2>\n<p>Lors de la navigation du site Periplast, diff\u00e9rentes donn\u00e9es personnelles au sujet des utilisateurs sont collect\u00e9es.<\/p>\n<p><strong>Les donn\u00e9es suivantes sont collect\u00e9es de mani\u00e8re automatique :<\/strong><\/p>\n<p><strong>Les donn\u00e9es suivantes sont recueillies de mani\u00e8re non-automatique :<\/strong><\/p>\n<p>Ces donn\u00e9es sont recueillies\u2026<\/p>\n<p>Aucune donn\u00e9e suppl\u00e9mentaire n\u2019est collect\u00e9e sans vous en informer au pr\u00e9alable.<\/p>\n<h2><strong><u>V \/ Traitement de ces donn\u00e9es<\/u><\/strong><\/h2>\n<p>Les donn\u00e9es personnelles recueillies sur le site periplast.fr\u00a0ne sont collect\u00e9es et trait\u00e9es que dans le cadre des fins pr\u00e9cis\u00e9es dans la pr\u00e9sente politique de confidentialit\u00e9 et \/ ou dans les pages pertinentes du site. Les donn\u00e9es personnelles que nous collectons ne seront pas utilis\u00e9es \u00e0 d\u2019autres fins.<\/p>\n<p><strong>Formulaire de contact<\/strong><\/p>\n<figure class=\"wp-block-table\">\n<table>\n<tbody>\n<tr>\n<td>Finalit\u00e9<\/td>\n<td>R\u00e9pondre \u00e0 vos demandes d\u2019informations ou autres demandes.<\/td>\n<\/tr>\n<tr>\n<td>Base l\u00e9gale<\/td>\n<td>Ce traitement est bas\u00e9 sur votre consentement.<\/td>\n<\/tr>\n<tr>\n<td>Destinataires<\/td>\n<td>Periplast<\/td>\n<\/tr>\n<tr>\n<td>Transfert hors Union Europ\u00e9enne<\/td>\n<td>Aucun transfert hors Union Europ\u00e9enne- H\u00e9bergement des donn\u00e9es en UE.<\/td>\n<\/tr>\n<tr>\n<td>Dur\u00e9e de conservation<\/td>\n<td>Le temps de traiter votre demande. Vous avez le droit de retirer votre consentement \u00e0 tout moment sans porter atteinte \u00e0 la lic\u00e9it\u00e9 du traitement effectu\u00e9 avant le retrait du consentement.<\/td>\n<\/tr>\n<\/tbody>\n<\/table>\n<\/figure>\n<h2><strong><u>VI \/ Partage des donn\u00e9es personnelles recueillies<\/u><\/strong><\/h2>\n<ul>\n<li><strong>Employ\u00e9s<\/strong> : Nous pouvons ouvertement divulguer les informations aux employ\u00e9s de l\u2019entreprise Periplast, dans la mesure o\u00f9 ceux-ci en ont besoin pour poursuivre la fin pr\u00e9vue dans cette politique<\/li>\n<\/ul>\n<p>Par ailleurs, les donn\u00e9es personnelles collect\u00e9es pourront \u00eatre partag\u00e9es :<\/p>\n<ul>\n<li>Si l\u2019entreprise y est contrainte par la loi<\/li>\n<li>Si les informations sont requises pour toute proc\u00e9dure judiciaire<\/li>\n<li>Afin de prot\u00e9ger les droits l\u00e9gaux de l\u2019entreprise Periplast.<\/li>\n<\/ul>\n<p>En dehors des situations pr\u00e9vues dans cette pr\u00e9sente politique, les informations personnelles ne seront en aucun cas divulgu\u00e9es ou partag\u00e9es \u00e0 des tiers.<\/p>\n<h2><strong><u>VII \/ Stockage et protection des donn\u00e9es personnelles<\/u><\/strong><\/h2>\n<p>L\u2019entreprise Periplast, ne conserve pas les donn\u00e9es personnelles plus longtemps que ce qui est n\u00e9cessaire \u00e0 la r\u00e9alisation des fins pour lesquelles elles sont collect\u00e9es.<\/p>\n<h2><strong><u>VIII \/ Droits de l\u2019utilisateur<\/u><\/strong><\/h2>\n<p>Conform\u00e9ment au chapitre 3, art 12-23 du RGPD, les utilisateurs du site periplast.fr ont, en ce qui concerne leurs donn\u00e9es personnelles, les droits suivants :<\/p>\n<ul>\n<li>Droit d\u2019acc\u00e8s<\/li>\n<li>Droit de rectification<\/li>\n<li>Droit \u00e0 l\u2019effacement<\/li>\n<li>Droit de restreindre le traitement<\/li>\n<li>Droit \u00e0 la portabilit\u00e9 des donn\u00e9es<\/li>\n<li>Droit d\u2019objection<\/li>\n<\/ul>\n<p>Pour faire valoir l\u2019un de ses droits, acc\u00e9der \u00e0 vos donn\u00e9es, les modifier ou les supprimer d\u2019une quelconque mani\u00e8re, vous pouvez communiquer avec Periplast Air via l\u2019adresse mail contact@periplast.fr<\/p>\n<h2><strong><u>IX \/ Politique au sujet des cookies<\/u><\/strong><\/h2>\n<p>Un cookie est un fichier stock\u00e9 sur le disque dur d\u2019un utilisateur lorsqu\u2019il navigue sur un site web. Ce cookie permet de mieux conna\u00eetre les donn\u00e9es relatives aux habitudes de navigation de l\u2019utilisateur afin de lui proposer une meilleure exp\u00e9rience d\u2019utilisation.<\/p>\n<p>Le site periplast.fr utilise les cookies suivants :<\/p>\n<h3>N\u00e9cessaires<\/h3>\n<figure class=\"wp-block-table\">\n<table style=\"height: 72px;\" width=\"874\">\n<tbody>\n<tr>\n<td>Nom<\/td>\n<td>Fournisseur<\/td>\n<td>Finalit\u00e9<\/td>\n<td>Expiration<\/td>\n<\/tr>\n<tr>\n<td>appconsent<\/td>\n<td>SFBX<\/td>\n<td>Permet de conserver les choix de l\u2019utilisateur sur le site : consentements aux cookies<\/td>\n<td>12 mois<\/td>\n<\/tr>\n<tr>\n<td><\/td>\n<td><\/td>\n<td><\/td>\n<td><\/td>\n<\/tr>\n<\/tbody>\n<\/table>\n<\/figure>\n<h3>Mesure d\u2019audience ou statistiques<\/h3>\n<figure class=\"wp-block-table\">\n<table>\n<tbody>\n<tr>\n<td>Nom<\/td>\n<td>Fournisseur<\/td>\n<td>Finalit\u00e9<\/td>\n<td>Expiration<\/td>\n<\/tr>\n<tr>\n<td>_ga<\/td>\n<td>Google Analytics<\/td>\n<td>Utilis\u00e9 pour g\u00e9n\u00e9rer des donn\u00e9es statistiques sur la fa\u00e7on dont le visiteur utilise le site web.<\/td>\n<td>\u00a0 24 mois<\/td>\n<\/tr>\n<tr>\n<td>_gid<\/td>\n<td>Google Analytics<\/td>\n<td>Utilis\u00e9 pour g\u00e9n\u00e9rer des donn\u00e9es statistiques sur la fa\u00e7on dont le visiteur utilise le site web.<\/td>\n<td>\u00a024 heures<\/td>\n<\/tr>\n<\/tbody>\n<\/table>\n<\/figure>\n<h3><\/h3>\n<p>Conform\u00e9ment au RGPD, vous pouvez choisir d\u2019\u00eatre pr\u00e9venu \u00e0 chaque fois qu\u2019un cookie est cr\u00e9\u00e9, ou bien d\u00e9sactiver enti\u00e8rement la transmission de cookies par le site.<\/p>\n<h2><u><strong>X \/ Modification de la politique de confidentialit\u00e9<\/strong><\/u><\/h2>\n<p>Afin de rester en accord avec la loi ou de refl\u00e9ter tout changement dans notre processus de gestion des donn\u00e9es personnelles, la pr\u00e9sente politique de confidentialit\u00e9 peut \u00eatre amen\u00e9e \u00e0 changer et \u00e0 \u00eatre modifi\u00e9e r\u00e9guli\u00e8rement. Il est recommand\u00e9 aux utilisateurs de v\u00e9rifier r\u00e9guli\u00e8rement cette politique afin de se tenir inform\u00e9s de notre politique en termes de collecte et de traitement de donn\u00e9es personnelles.<\/p>\n<h2><strong><u>XI \/ Contact<\/u><\/strong><\/h2>","protected":false},"excerpt":{"rendered":"<p>Politique de confidentialit\u00e9 du site Periplast I \/ L\u2019objectif de la politique de confidentialit\u00e9 Cette politique de confidentialit\u00e9 est \u00e9tablie dans le but d\u2019informer les utilisateurs du site periplast.fr, poss\u00e9d\u00e9 et g\u00e9r\u00e9 par monsieur Olivier Tisseau, Periplast, des modalit\u00e9s suivantes : Les donn\u00e9es personnelles recueillies par le site internet L\u2019utilisation faite de ces donn\u00e9es L\u2019acc\u00e8s [&hellip;]<\/p>\n","protected":false},"author":2,"featured_media":0,"parent":0,"menu_order":0,"comment_status":"closed","ping_status":"closed","template":"","meta":{"inline_featured_image":false,"footnotes":""},"class_list":["post-180","page","type-page","status-publish","hentry"],"acf":[],"yoast_head":"<!-- This site is optimized with the Yoast SEO plugin v26.8 - https:\/\/yoast.com\/product\/yoast-seo-wordpress\/ -->\n<title>Politique de confidentialit\u00e9 - periplast<\/title>\n<meta name=\"robots\" content=\"index, follow, max-snippet:-1, max-image-preview:large, max-video-preview:-1\" \/>\n<link rel=\"canonical\" href=\"https:\/\/periplast.fr\/en\/politique-de-confidentialite\/\" \/>\n<meta property=\"og:locale\" content=\"en_GB\" \/>\n<meta property=\"og:type\" content=\"article\" \/>\n<meta property=\"og:title\" content=\"Politique de confidentialit\u00e9 - periplast\" \/>\n<meta property=\"og:description\" content=\"Politique de confidentialit\u00e9 du site Periplast I \/ L\u2019objectif de la politique de confidentialit\u00e9 Cette politique de confidentialit\u00e9 est \u00e9tablie dans le but d\u2019informer les utilisateurs du site periplast.fr, poss\u00e9d\u00e9 et g\u00e9r\u00e9 par monsieur Olivier Tisseau, Periplast, des modalit\u00e9s suivantes : Les donn\u00e9es personnelles recueillies par le site internet L\u2019utilisation faite de ces donn\u00e9es L\u2019acc\u00e8s [&hellip;]\" \/>\n<meta property=\"og:url\" content=\"https:\/\/periplast.fr\/en\/politique-de-confidentialite\/\" \/>\n<meta property=\"og:site_name\" content=\"periplast\" \/>\n<meta property=\"article:modified_time\" content=\"2022-07-05T07:49:03+00:00\" \/>\n<meta name=\"twitter:card\" content=\"summary_large_image\" \/>\n<meta name=\"twitter:label1\" content=\"Estimated reading time\" \/>\n\t<meta name=\"twitter:data1\" content=\"6 minutes\" \/>\n<script type=\"application\/ld+json\" class=\"yoast-schema-graph\">{\"@context\":\"https:\/\/schema.org\",\"@graph\":[{\"@type\":\"WebPage\",\"@id\":\"https:\/\/periplast.fr\/politique-de-confidentialite\/\",\"url\":\"https:\/\/periplast.fr\/politique-de-confidentialite\/\",\"name\":\"Politique de confidentialit\u00e9 - periplast\",\"isPartOf\":{\"@id\":\"https:\/\/periplast.fr\/#website\"},\"datePublished\":\"2021-11-10T15:48:30+00:00\",\"dateModified\":\"2022-07-05T07:49:03+00:00\",\"breadcrumb\":{\"@id\":\"https:\/\/periplast.fr\/politique-de-confidentialite\/#breadcrumb\"},\"inLanguage\":\"en-GB\",\"potentialAction\":[{\"@type\":\"ReadAction\",\"target\":[\"https:\/\/periplast.fr\/politique-de-confidentialite\/\"]}]},{\"@type\":\"BreadcrumbList\",\"@id\":\"https:\/\/periplast.fr\/politique-de-confidentialite\/#breadcrumb\",\"itemListElement\":[{\"@type\":\"ListItem\",\"position\":1,\"name\":\"Accueil\",\"item\":\"https:\/\/periplast.fr\/\"},{\"@type\":\"ListItem\",\"position\":2,\"name\":\"Politique de confidentialit\u00e9\"}]},{\"@type\":\"WebSite\",\"@id\":\"https:\/\/periplast.fr\/#website\",\"url\":\"https:\/\/periplast.fr\/\",\"name\":\"periplast\",\"description\":\"\",\"publisher\":{\"@id\":\"https:\/\/periplast.fr\/#organization\"},\"potentialAction\":[{\"@type\":\"SearchAction\",\"target\":{\"@type\":\"EntryPoint\",\"urlTemplate\":\"https:\/\/periplast.fr\/?s={search_term_string}\"},\"query-input\":{\"@type\":\"PropertyValueSpecification\",\"valueRequired\":true,\"valueName\":\"search_term_string\"}}],\"inLanguage\":\"en-GB\"},{\"@type\":\"Organization\",\"@id\":\"https:\/\/periplast.fr\/#organization\",\"name\":\"periplast\",\"url\":\"https:\/\/periplast.fr\/\",\"logo\":{\"@type\":\"ImageObject\",\"inLanguage\":\"en-GB\",\"@id\":\"https:\/\/periplast.fr\/#\/schema\/logo\/image\/\",\"url\":\"https:\/\/periplast.fr\/wp-content\/uploads\/2021\/11\/logosansfond_1.svg\",\"contentUrl\":\"https:\/\/periplast.fr\/wp-content\/uploads\/2021\/11\/logosansfond_1.svg\",\"caption\":\"periplast\"},\"image\":{\"@id\":\"https:\/\/periplast.fr\/#\/schema\/logo\/image\/\"}}]}<\/script>\n<!-- \/ Yoast SEO plugin. -->","yoast_head_json":{"title":"Politique de confidentialit\u00e9 - periplast","robots":{"index":"index","follow":"follow","max-snippet":"max-snippet:-1","max-image-preview":"max-image-preview:large","max-video-preview":"max-video-preview:-1"},"canonical":"https:\/\/periplast.fr\/en\/politique-de-confidentialite\/","og_locale":"en_GB","og_type":"article","og_title":"Politique de confidentialit\u00e9 - periplast","og_description":"Politique de confidentialit\u00e9 du site Periplast I \/ L\u2019objectif de la politique de confidentialit\u00e9 Cette politique de confidentialit\u00e9 est \u00e9tablie dans le but d\u2019informer les utilisateurs du site periplast.fr, poss\u00e9d\u00e9 et g\u00e9r\u00e9 par monsieur Olivier Tisseau, Periplast, des modalit\u00e9s suivantes : Les donn\u00e9es personnelles recueillies par le site internet L\u2019utilisation faite de ces donn\u00e9es L\u2019acc\u00e8s [&hellip;]","og_url":"https:\/\/periplast.fr\/en\/politique-de-confidentialite\/","og_site_name":"periplast","article_modified_time":"2022-07-05T07:49:03+00:00","twitter_card":"summary_large_image","twitter_misc":{"Estimated reading time":"6 minutes"},"schema":{"@context":"https:\/\/schema.org","@graph":[{"@type":"WebPage","@id":"https:\/\/periplast.fr\/politique-de-confidentialite\/","url":"https:\/\/periplast.fr\/politique-de-confidentialite\/","name":"Politique de confidentialit\u00e9 - periplast","isPartOf":{"@id":"https:\/\/periplast.fr\/#website"},"datePublished":"2021-11-10T15:48:30+00:00","dateModified":"2022-07-05T07:49:03+00:00","breadcrumb":{"@id":"https:\/\/periplast.fr\/politique-de-confidentialite\/#breadcrumb"},"inLanguage":"en-GB","potentialAction":[{"@type":"ReadAction","target":["https:\/\/periplast.fr\/politique-de-confidentialite\/"]}]},{"@type":"BreadcrumbList","@id":"https:\/\/periplast.fr\/politique-de-confidentialite\/#breadcrumb","itemListElement":[{"@type":"ListItem","position":1,"name":"Accueil","item":"https:\/\/periplast.fr\/"},{"@type":"ListItem","position":2,"name":"Politique de confidentialit\u00e9"}]},{"@type":"WebSite","@id":"https:\/\/periplast.fr\/#website","url":"https:\/\/periplast.fr\/","name":"periplast","description":"","publisher":{"@id":"https:\/\/periplast.fr\/#organization"},"potentialAction":[{"@type":"SearchAction","target":{"@type":"EntryPoint","urlTemplate":"https:\/\/periplast.fr\/?s={search_term_string}"},"query-input":{"@type":"PropertyValueSpecification","valueRequired":true,"valueName":"search_term_string"}}],"inLanguage":"en-GB"},{"@type":"Organization","@id":"https:\/\/periplast.fr\/#organization","name":"periplast","url":"https:\/\/periplast.fr\/","logo":{"@type":"ImageObject","inLanguage":"en-GB","@id":"https:\/\/periplast.fr\/#\/schema\/logo\/image\/","url":"https:\/\/periplast.fr\/wp-content\/uploads\/2021\/11\/logosansfond_1.svg","contentUrl":"https:\/\/periplast.fr\/wp-content\/uploads\/2021\/11\/logosansfond_1.svg","caption":"periplast"},"image":{"@id":"https:\/\/periplast.fr\/#\/schema\/logo\/image\/"}}]}},"_links":{"self":[{"href":"https:\/\/periplast.fr\/en\/wp-json\/wp\/v2\/pages\/180","targetHints":{"allow":["GET"]}}],"collection":[{"href":"https:\/\/periplast.fr\/en\/wp-json\/wp\/v2\/pages"}],"about":[{"href":"https:\/\/periplast.fr\/en\/wp-json\/wp\/v2\/types\/page"}],"author":[{"embeddable":true,"href":"https:\/\/periplast.fr\/en\/wp-json\/wp\/v2\/users\/2"}],"replies":[{"embeddable":true,"href":"https:\/\/periplast.fr\/en\/wp-json\/wp\/v2\/comments?post=180"}],"version-history":[{"count":4,"href":"https:\/\/periplast.fr\/en\/wp-json\/wp\/v2\/pages\/180\/revisions"}],"predecessor-version":[{"id":1295,"href":"https:\/\/periplast.fr\/en\/wp-json\/wp\/v2\/pages\/180\/revisions\/1295"}],"wp:attachment":[{"href":"https:\/\/periplast.fr\/en\/wp-json\/wp\/v2\/media?parent=180"}],"curies":[{"name":"wp","href":"https:\/\/api.w.org\/{rel}","templated":true}]}}