{"id":178,"date":"2021-11-10T16:48:12","date_gmt":"2021-11-10T15:48:12","guid":{"rendered":"http:\/\/localhost\/mediapilote\/periplast\/?page_id=178"},"modified":"2022-07-05T09:46:05","modified_gmt":"2022-07-05T07:46:05","slug":"mentions-legales","status":"publish","type":"page","link":"https:\/\/periplast.fr\/en\/mentions-legales\/","title":{"rendered":"Legal Notice"},"content":{"rendered":"<h2><span style=\"font-weight: 400;\">IDENTIT\u00c9<\/span><\/h2>\n<p><span style=\"font-weight: 400;\">Nom du site web : Periplast<\/span><\/p>\n<p><span style=\"font-weight: 400;\">Adresse : https:\/\/periplast.fr\u00a0<\/span><\/p>\n<p><span style=\"font-weight: 400;\">Propri\u00e9taire : Olivier Tisseau<\/span><\/p>\n<p><span style=\"font-weight: 400;\">Responsable de publication : Olivier Tisseau<\/span><\/p>\n<p><span style=\"font-weight: 400;\">Conception et r\u00e9alisation : Media Pilote<\/span><\/p>\n<p><span style=\"font-weight: 400;\">H\u00e9bergement : OVH<\/span><\/p>\n<h2><span style=\"font-weight: 400;\">PERSONNE MORALE<\/span><\/h2>\n<p><span style=\"font-weight: 400;\">SARL au capital de 160 000 euros\u00a0<\/span><\/p>\n<p><span style=\"font-weight: 400;\">RCS : La Rochelle B 711 780 247\u00a0<\/span><\/p>\n<p><span style=\"font-weight: 400;\">17 rue Henry le Chatelier 17180 Perigny<\/span><\/p>\n<p><span style=\"font-weight: 400;\">\u00a005 46 30 65 85\u00a0<\/span><\/p>\n<p><span style=\"font-weight: 400;\"> contact@periplast.fr<\/span><\/p>\n<h2><span style=\"font-weight: 400;\">CONDITIONS D\u2019UTILISATION<\/span><\/h2>\n<p><span style=\"font-weight: 400;\">L\u2019utilisation du pr\u00e9sent site implique l\u2019acceptation pleine et enti\u00e8re des conditions g\u00e9n\u00e9rales d\u2019utilisation d\u00e9crites ci-apr\u00e8s. Ces conditions d\u2019utilisation sont susceptibles d\u2019\u00eatre modifi\u00e9es ou compl\u00e9t\u00e9es \u00e0 tout moment.<\/span><\/p>\n<h2><span style=\"font-weight: 400;\">INFORMATIONS<\/span><\/h2>\n<p><span style=\"font-weight: 400;\">Les informations et documents du site sont pr\u00e9sent\u00e9s \u00e0 titre indicatif, sans caract\u00e8re exhaustif, et ne peuvent engager la responsabilit\u00e9 du propri\u00e9taire du site.<\/span><\/p>\n<p><span style=\"font-weight: 400;\">Le propri\u00e9taire du site ne peut \u00eatre tenu responsable des dommages directs et indirects cons\u00e9cutifs \u00e0 l\u2019acc\u00e8s au site.<\/span><\/p>\n<h2><span style=\"font-weight: 400;\">INTERACTIVIT\u00c9<\/span><\/h2>\n<p><span style=\"font-weight: 400;\">Les utilisateurs du site peuvent y d\u00e9poser du contenu, apparaissant sur le site dans des espaces d\u00e9di\u00e9s (notamment via les commentaires). Le contenu d\u00e9pos\u00e9 reste sous la responsabilit\u00e9 de leurs auteurs, qui en assument pleinement l\u2019enti\u00e8re responsabilit\u00e9 juridique.<\/span><\/p>\n<p><span style=\"font-weight: 400;\">Le propri\u00e9taire du site se r\u00e9serve n\u00e9anmoins le droit de retirer sans pr\u00e9avis et sans justification tout contenu d\u00e9pos\u00e9 par les utilisateurs qui ne satisferait pas \u00e0 la charte d\u00e9ontologique du site ou \u00e0 la l\u00e9gislation en vigueur.<\/span><\/p>\n<h2><span style=\"font-weight: 400;\">PROPRI\u00c9T\u00c9 INTELLECTUELLE<\/span><\/h2>\n<p><span style=\"font-weight: 400;\">Sauf mention contraire, tous les \u00e9l\u00e9ments accessibles sur le site (textes, images, graphismes, logo, ic\u00f4nes, sons, logiciels, etc.) restent la propri\u00e9t\u00e9 exclusive de leurs auteurs, en ce qui concerne les droits de propri\u00e9t\u00e9 intellectuelle ou les droits d\u2019usage.\u00a0<\/span><\/p>\n<p><span style=\"font-weight: 400;\">Toute reproduction, repr\u00e9sentation, modification, publication, adaptation de tout ou partie des \u00e9l\u00e9ments du site, quel que soit le moyen ou le proc\u00e9d\u00e9 utilis\u00e9, est interdite, sauf autorisation \u00e9crite pr\u00e9alable de l\u2019auteur.<\/span><\/p>\n<p><span style=\"font-weight: 400;\">Toute exploitation non autoris\u00e9e du site ou de l\u2019un quelconque des \u00e9l\u00e9ments qu\u2019il contient est consid\u00e9r\u00e9e comme constitutive d\u2019une contrefa\u00e7on et passible de poursuites.<\/span><\/p>\n<p><span style=\"font-weight: 400;\">Les marques et logos reproduits sur le site sont d\u00e9pos\u00e9s par les soci\u00e9t\u00e9s qui en sont propri\u00e9taires.<\/span><\/p>\n<h2><span style=\"font-weight: 400;\">LIENS<\/span><\/h2>\n<p><span style=\"font-weight: 400;\">Liens sortants<\/span><\/p>\n<p><span style=\"font-weight: 400;\">Le propri\u00e9taire du site d\u00e9cline toute responsabilit\u00e9 et n\u2019est pas engag\u00e9 par le r\u00e9f\u00e9rencement via des liens hypertextes, de ressources tierces pr\u00e9sentes sur le r\u00e9seau Internet, tant en ce qui concerne leur contenu que leur pertinence.<\/span><\/p>\n<p><span style=\"font-weight: 400;\">Liens entrants<\/span><\/p>\n<p><span style=\"font-weight: 400;\">Le propri\u00e9taire du site autorise les liens hypertextes vers l\u2019une des pages de ce site, \u00e0 condition que ceux-ci ouvrent une nouvelle fen\u00eatre et soient pr\u00e9sent\u00e9s de mani\u00e8re non \u00e9quivoque afin d\u2019\u00e9viter :<\/span><\/p>\n<ul>\n<li style=\"font-weight: 400;\" aria-level=\"1\"><span style=\"font-weight: 400;\">tout risque de confusion entre le site citant et le propri\u00e9taire du site<\/span><\/li>\n<li style=\"font-weight: 400;\" aria-level=\"1\"><span style=\"font-weight: 400;\">ainsi que toute pr\u00e9sentation tendancieuse, ou contraire aux lois en vigueur.<\/span><\/li>\n<\/ul>\n<p><span style=\"font-weight: 400;\">Le propri\u00e9taire du site se r\u00e9serve le droit de demander la suppression d\u2019un lien s\u2019il estime que le site source ne respecte pas les r\u00e8gles ainsi d\u00e9finies.<\/span><\/p>\n<h2><span style=\"font-weight: 400;\">CONFIDENTIALIT\u00c9<\/span><\/h2>\n<p><span style=\"font-weight: 400;\">Tout utilisateur dispose d\u2019un droit d\u2019acc\u00e8s, de rectification et d\u2019opposition aux donn\u00e9es personnelles le concernant, en effectuant sa demande \u00e9crite et sign\u00e9e, accompagn\u00e9e d\u2019une preuve d\u2019identit\u00e9.<\/span><\/p>\n<p><span style=\"font-weight: 400;\">Le site ne recueille pas d\u2019informations personnelles, et n\u2019est pas assujetti \u00e0 d\u00e9claration \u00e0 la CNIL.<\/span><\/p>\n<p>&nbsp;<\/p>","protected":false},"excerpt":{"rendered":"<p>IDENTIT\u00c9 Nom du site web : Periplast Adresse : https:\/\/periplast.fr\u00a0 Propri\u00e9taire : Olivier Tisseau Responsable de publication : Olivier Tisseau Conception et r\u00e9alisation : Media Pilote H\u00e9bergement : OVH PERSONNE MORALE SARL au capital de 160 000 euros\u00a0 RCS : La Rochelle B 711 780 247\u00a0 17 rue Henry le Chatelier 17180 Perigny \u00a005 46 [&hellip;]<\/p>\n","protected":false},"author":2,"featured_media":0,"parent":0,"menu_order":0,"comment_status":"closed","ping_status":"closed","template":"","meta":{"inline_featured_image":false,"footnotes":""},"class_list":["post-178","page","type-page","status-publish","hentry"],"acf":[],"yoast_head":"<!-- This site is optimized with the Yoast SEO plugin v26.8 - https:\/\/yoast.com\/product\/yoast-seo-wordpress\/ -->\n<title>Mentions l\u00e9gales - periplast<\/title>\n<meta name=\"robots\" content=\"index, follow, max-snippet:-1, max-image-preview:large, max-video-preview:-1\" \/>\n<link rel=\"canonical\" href=\"https:\/\/periplast.fr\/en\/mentions-legales\/\" \/>\n<meta property=\"og:locale\" content=\"en_GB\" \/>\n<meta property=\"og:type\" content=\"article\" \/>\n<meta property=\"og:title\" content=\"Mentions l\u00e9gales - periplast\" \/>\n<meta property=\"og:description\" content=\"IDENTIT\u00c9 Nom du site web : Periplast Adresse : https:\/\/periplast.fr\u00a0 Propri\u00e9taire : Olivier Tisseau Responsable de publication : Olivier Tisseau Conception et r\u00e9alisation : Media Pilote H\u00e9bergement : OVH PERSONNE MORALE SARL au capital de 160 000 euros\u00a0 RCS : La Rochelle B 711 780 247\u00a0 17 rue Henry le Chatelier 17180 Perigny \u00a005 46 [&hellip;]\" \/>\n<meta property=\"og:url\" content=\"https:\/\/periplast.fr\/en\/mentions-legales\/\" \/>\n<meta property=\"og:site_name\" content=\"periplast\" \/>\n<meta property=\"article:modified_time\" content=\"2022-07-05T07:46:05+00:00\" \/>\n<meta name=\"twitter:card\" content=\"summary_large_image\" \/>\n<meta name=\"twitter:label1\" content=\"Estimated reading time\" \/>\n\t<meta name=\"twitter:data1\" content=\"3 minutes\" \/>\n<script type=\"application\/ld+json\" class=\"yoast-schema-graph\">{\"@context\":\"https:\/\/schema.org\",\"@graph\":[{\"@type\":\"WebPage\",\"@id\":\"https:\/\/periplast.fr\/mentions-legales\/\",\"url\":\"https:\/\/periplast.fr\/mentions-legales\/\",\"name\":\"Mentions l\u00e9gales - periplast\",\"isPartOf\":{\"@id\":\"https:\/\/periplast.fr\/#website\"},\"datePublished\":\"2021-11-10T15:48:12+00:00\",\"dateModified\":\"2022-07-05T07:46:05+00:00\",\"breadcrumb\":{\"@id\":\"https:\/\/periplast.fr\/mentions-legales\/#breadcrumb\"},\"inLanguage\":\"en-GB\",\"potentialAction\":[{\"@type\":\"ReadAction\",\"target\":[\"https:\/\/periplast.fr\/mentions-legales\/\"]}]},{\"@type\":\"BreadcrumbList\",\"@id\":\"https:\/\/periplast.fr\/mentions-legales\/#breadcrumb\",\"itemListElement\":[{\"@type\":\"ListItem\",\"position\":1,\"name\":\"Accueil\",\"item\":\"https:\/\/periplast.fr\/\"},{\"@type\":\"ListItem\",\"position\":2,\"name\":\"Mentions l\u00e9gales\"}]},{\"@type\":\"WebSite\",\"@id\":\"https:\/\/periplast.fr\/#website\",\"url\":\"https:\/\/periplast.fr\/\",\"name\":\"periplast\",\"description\":\"\",\"publisher\":{\"@id\":\"https:\/\/periplast.fr\/#organization\"},\"potentialAction\":[{\"@type\":\"SearchAction\",\"target\":{\"@type\":\"EntryPoint\",\"urlTemplate\":\"https:\/\/periplast.fr\/?s={search_term_string}\"},\"query-input\":{\"@type\":\"PropertyValueSpecification\",\"valueRequired\":true,\"valueName\":\"search_term_string\"}}],\"inLanguage\":\"en-GB\"},{\"@type\":\"Organization\",\"@id\":\"https:\/\/periplast.fr\/#organization\",\"name\":\"periplast\",\"url\":\"https:\/\/periplast.fr\/\",\"logo\":{\"@type\":\"ImageObject\",\"inLanguage\":\"en-GB\",\"@id\":\"https:\/\/periplast.fr\/#\/schema\/logo\/image\/\",\"url\":\"https:\/\/periplast.fr\/wp-content\/uploads\/2021\/11\/logosansfond_1.svg\",\"contentUrl\":\"https:\/\/periplast.fr\/wp-content\/uploads\/2021\/11\/logosansfond_1.svg\",\"caption\":\"periplast\"},\"image\":{\"@id\":\"https:\/\/periplast.fr\/#\/schema\/logo\/image\/\"}}]}<\/script>\n<!-- \/ Yoast SEO plugin. -->","yoast_head_json":{"title":"Mentions l\u00e9gales - periplast","robots":{"index":"index","follow":"follow","max-snippet":"max-snippet:-1","max-image-preview":"max-image-preview:large","max-video-preview":"max-video-preview:-1"},"canonical":"https:\/\/periplast.fr\/en\/mentions-legales\/","og_locale":"en_GB","og_type":"article","og_title":"Mentions l\u00e9gales - periplast","og_description":"IDENTIT\u00c9 Nom du site web : Periplast Adresse : https:\/\/periplast.fr\u00a0 Propri\u00e9taire : Olivier Tisseau Responsable de publication : Olivier Tisseau Conception et r\u00e9alisation : Media Pilote H\u00e9bergement : OVH PERSONNE MORALE SARL au capital de 160 000 euros\u00a0 RCS : La Rochelle B 711 780 247\u00a0 17 rue Henry le Chatelier 17180 Perigny \u00a005 46 [&hellip;]","og_url":"https:\/\/periplast.fr\/en\/mentions-legales\/","og_site_name":"periplast","article_modified_time":"2022-07-05T07:46:05+00:00","twitter_card":"summary_large_image","twitter_misc":{"Estimated reading time":"3 minutes"},"schema":{"@context":"https:\/\/schema.org","@graph":[{"@type":"WebPage","@id":"https:\/\/periplast.fr\/mentions-legales\/","url":"https:\/\/periplast.fr\/mentions-legales\/","name":"Mentions l\u00e9gales - periplast","isPartOf":{"@id":"https:\/\/periplast.fr\/#website"},"datePublished":"2021-11-10T15:48:12+00:00","dateModified":"2022-07-05T07:46:05+00:00","breadcrumb":{"@id":"https:\/\/periplast.fr\/mentions-legales\/#breadcrumb"},"inLanguage":"en-GB","potentialAction":[{"@type":"ReadAction","target":["https:\/\/periplast.fr\/mentions-legales\/"]}]},{"@type":"BreadcrumbList","@id":"https:\/\/periplast.fr\/mentions-legales\/#breadcrumb","itemListElement":[{"@type":"ListItem","position":1,"name":"Accueil","item":"https:\/\/periplast.fr\/"},{"@type":"ListItem","position":2,"name":"Mentions l\u00e9gales"}]},{"@type":"WebSite","@id":"https:\/\/periplast.fr\/#website","url":"https:\/\/periplast.fr\/","name":"periplast","description":"","publisher":{"@id":"https:\/\/periplast.fr\/#organization"},"potentialAction":[{"@type":"SearchAction","target":{"@type":"EntryPoint","urlTemplate":"https:\/\/periplast.fr\/?s={search_term_string}"},"query-input":{"@type":"PropertyValueSpecification","valueRequired":true,"valueName":"search_term_string"}}],"inLanguage":"en-GB"},{"@type":"Organization","@id":"https:\/\/periplast.fr\/#organization","name":"periplast","url":"https:\/\/periplast.fr\/","logo":{"@type":"ImageObject","inLanguage":"en-GB","@id":"https:\/\/periplast.fr\/#\/schema\/logo\/image\/","url":"https:\/\/periplast.fr\/wp-content\/uploads\/2021\/11\/logosansfond_1.svg","contentUrl":"https:\/\/periplast.fr\/wp-content\/uploads\/2021\/11\/logosansfond_1.svg","caption":"periplast"},"image":{"@id":"https:\/\/periplast.fr\/#\/schema\/logo\/image\/"}}]}},"_links":{"self":[{"href":"https:\/\/periplast.fr\/en\/wp-json\/wp\/v2\/pages\/178","targetHints":{"allow":["GET"]}}],"collection":[{"href":"https:\/\/periplast.fr\/en\/wp-json\/wp\/v2\/pages"}],"about":[{"href":"https:\/\/periplast.fr\/en\/wp-json\/wp\/v2\/types\/page"}],"author":[{"embeddable":true,"href":"https:\/\/periplast.fr\/en\/wp-json\/wp\/v2\/users\/2"}],"replies":[{"embeddable":true,"href":"https:\/\/periplast.fr\/en\/wp-json\/wp\/v2\/comments?post=178"}],"version-history":[{"count":6,"href":"https:\/\/periplast.fr\/en\/wp-json\/wp\/v2\/pages\/178\/revisions"}],"predecessor-version":[{"id":1294,"href":"https:\/\/periplast.fr\/en\/wp-json\/wp\/v2\/pages\/178\/revisions\/1294"}],"wp:attachment":[{"href":"https:\/\/periplast.fr\/en\/wp-json\/wp\/v2\/media?parent=178"}],"curies":[{"name":"wp","href":"https:\/\/api.w.org\/{rel}","templated":true}]}}